{"id":8884,"date":"2023-04-24T19:13:37","date_gmt":"2023-04-24T18:13:37","guid":{"rendered":"http:\/\/spzagg.pl\/?page_id=8884"},"modified":"2025-07-01T18:17:38","modified_gmt":"2025-07-01T17:17:38","slug":"laboratoria-przyszlosci","status":"publish","type":"page","link":"http:\/\/spzagg.pl\/?page_id=8884","title":{"rendered":"Laboratoria Przysz\u0142o\u015bci"},"content":{"rendered":"\n<figure class=\"wp-block-image is-resized\"><img loading=\"lazy\" decoding=\"async\" width=\"956\" height=\"1024\" src=\"http:\/\/spzagg.pl\/wp-content\/uploads\/2023\/04\/logo-956x1024.png\" alt=\"\" class=\"wp-image-8899\" style=\"width:239px;height:256px\" srcset=\"http:\/\/spzagg.pl\/wp-content\/uploads\/2023\/04\/logo-956x1024.png 956w, http:\/\/spzagg.pl\/wp-content\/uploads\/2023\/04\/logo-280x300.png 280w, http:\/\/spzagg.pl\/wp-content\/uploads\/2023\/04\/logo-768x822.png 768w, http:\/\/spzagg.pl\/wp-content\/uploads\/2023\/04\/logo-1140x1221.png 1140w, http:\/\/spzagg.pl\/wp-content\/uploads\/2023\/04\/logo.png 1623w\" sizes=\"auto, (max-width: 956px) 100vw, 956px\" \/><\/figure>\n\n\n<p>Laboratoria Przysz\u0142o\u015bci to inicjatywa edukacyjna realizowana przez Ministerstwo Edukacji i Nauki we wsp\u00f3\u0142pracy z Centrum GovTech w Kancelarii Prezesa Rady Ministr\u00f3w, kt\u00f3rych wsp\u00f3ln\u0105 misj\u0105 jest stworzenie nowoczesnej szko\u0142y. Szko\u0142y, w kt\u00f3rej zaj\u0119cia b\u0119d\u0105 prowadzone w spos\u00f3b ciekawy, anga\u017cuj\u0105cy uczni\u00f3w oraz sprzyjaj\u0105cy odkrywaniu ich talent\u00f3w i&nbsp;rozwijaniu zainteresowa\u0144. Celem inicjatywy jest wsparcie wszystkich szk\u00f3\u0142 podstawowych w budowaniu w\u015br\u00f3d uczni\u00f3w kompetencji przysz\u0142o\u015bci z tzw. kierunk\u00f3w STEAM (nauka, technologia, in\u017cynieria, sztuka oraz matematyka).<\/p>\n<p>W ramach Laboratori\u00f3w Przysz\u0142o\u015bci nasza szko\u0142a otrzyma\u0142a dotacj\u0119 w kwocie 60 tys. z\u0142.<\/p>\n<p>Dzi\u0119ki otrzymanemu wsparciu w roku 2022r. zosta\u0142 zakupiony poni\u017cszy sprz\u0119t:<\/p>\n<ol>\n<li>Drukarka 3D \u2013 1 szt.<\/li>\n<li>Filament PLA \u2013 10 szt.<\/li>\n<li>Filament TPU \u2013 5 szt.<\/li>\n<li>Biblioteka modeli 3D wraz z gotowymi projektami\u2013 1 szt.<\/li>\n<li>StarterKit rozszerzony\u2013 1 szt.<\/li>\n<li>Stacja lutownicza\u2013 1 szt.<\/li>\n<li>Statyw\u2013 1 szt.<\/li>\n<li>Mikroport \u2013 1 szt.<\/li>\n<li>Zestaw o\u015bwietleniowy \u2013 1 szt.<\/li>\n<li>Mikrofon kierunkowy \u2013 1 szt.<\/li>\n<li>Gimbal r\u0119czny \u2013 1 szt.<\/li>\n<li>Aparat cyfrowy \u2013 1 szt.<\/li>\n<li>Karta pami\u0119ci \u2013 1 szt.<\/li>\n<li>Robot edukacyjny \u2013 10 szt.<\/li>\n<li>Klocki edukacyjne \u2013 10 szt.<\/li>\n<li>Warsztat wdro\u017ceniowy z pracowni robotyki \u2013 1 szt.<\/li>\n<li>Maty i karty pracy \u2013 10 szt.<\/li>\n<li>Mikrofon bezprzewodowy \u2013 1 szt.<\/li>\n<li>Statyw do mikrofonu \u2013 2 szt.<\/li>\n<li>Laptop \u2013 1 szt.<\/li>\n<li>Blender \u2013 4 szt.<\/li>\n<li>Mikser kuchenny \u2013 4 szt.<\/li>\n<li>Opiekacz \u2013 4 szt.<\/li>\n<li>Lod\u00f3wka \u2013 1 szt.<\/li>\n<li>\u017belazko \u2013 1 szt.<\/li>\n<li>Deska do prasowania \u2013 1 szt.<\/li>\n<\/ol>\n<p>Zakupiony sprz\u0119t uatrakcyjni zaj\u0119cia szkolne i umo\u017cliwi uczniom rozwija\u0107 swoje zainteresowania. Nowoczesne wyposa\u017cenie pozwoli &nbsp;w urozmaicony spos\u00f3b rozwija\u0107 umiej\u0119tno\u015bci manualne i&nbsp;techniczne, kreatywne my\u015blenie, umiej\u0119tno\u015bci analizowania danych <br>i rozwi\u0105zywania problem\u00f3w, a tak\u017ce pracy zespo\u0142owej, dobrej organizacji i dbania o porz\u0105dek na stanowisku pracy oraz radzenia sobie w \u017cyciu codziennym.<\/p>\n<p>&nbsp;<\/p>\n<p><a href=\"http:\/\/spzagg.pl\/?p=8914\"><strong>SPRAWOZDANIA.I<\/strong><\/a><\/p>\n<p><a href=\"http:\/\/spzagg.pl\/?p=8940\"><strong>SPRAWOZDANIA.II<\/strong><\/a><\/p>\n<p><strong><a href=\"http:\/\/spzagg.pl\/?p=9379\">SPRAWOZDANIE I.24<\/a><\/strong><\/p>\n<p><strong><a href=\"http:\/\/spzagg.pl\/?p=9690\">SPRAWOZDANIE II.24<\/a><\/strong><\/p>\n<p><a href=\"http:\/\/spzagg.pl\/?p=10272\"><strong>SPRAWOZDANIE 24.25<\/strong><\/a><\/p>\n<p>&nbsp;<\/p>\n\n","protected":false},"excerpt":{"rendered":"<p>Laboratoria Przysz\u0142o\u015bci to inicjatywa edukacyjna realizowana przez Ministerstwo Edukacji i Nauki we wsp\u00f3\u0142pracy z Centrum GovTech w Kancelarii Prezesa Rady Ministr\u00f3w, kt\u00f3rych wsp\u00f3ln\u0105 misj\u0105 jest stworzenie nowoczesnej szko\u0142y. Szko\u0142y, w kt\u00f3rej zaj\u0119cia b\u0119d\u0105 prowadzone w spos\u00f3b ciekawy, anga\u017cuj\u0105cy uczni\u00f3w oraz sprzyjaj\u0105cy odkrywaniu ich talent\u00f3w i&nbsp;rozwijaniu zainteresowa\u0144. Celem inicjatywy jest wsparcie wszystkich szk\u00f3\u0142 podstawowych w budowaniu &hellip; <\/p>\n<p><a class=\"more-link btn\" href=\"http:\/\/spzagg.pl\/?page_id=8884\">Czytaj dalej<\/a><\/p>\n","protected":false},"author":2,"featured_media":0,"parent":0,"menu_order":0,"comment_status":"closed","ping_status":"closed","template":"template-twocolumnsright.php","meta":{"ngg_post_thumbnail":0,"footnotes":""},"class_list":["post-8884","page","type-page","status-publish","hentry","nodate","item-wrap"],"_links":{"self":[{"href":"http:\/\/spzagg.pl\/index.php?rest_route=\/wp\/v2\/pages\/8884","targetHints":{"allow":["GET"]}}],"collection":[{"href":"http:\/\/spzagg.pl\/index.php?rest_route=\/wp\/v2\/pages"}],"about":[{"href":"http:\/\/spzagg.pl\/index.php?rest_route=\/wp\/v2\/types\/page"}],"author":[{"embeddable":true,"href":"http:\/\/spzagg.pl\/index.php?rest_route=\/wp\/v2\/users\/2"}],"replies":[{"embeddable":true,"href":"http:\/\/spzagg.pl\/index.php?rest_route=%2Fwp%2Fv2%2Fcomments&post=8884"}],"version-history":[{"count":21,"href":"http:\/\/spzagg.pl\/index.php?rest_route=\/wp\/v2\/pages\/8884\/revisions"}],"predecessor-version":[{"id":10289,"href":"http:\/\/spzagg.pl\/index.php?rest_route=\/wp\/v2\/pages\/8884\/revisions\/10289"}],"wp:attachment":[{"href":"http:\/\/spzagg.pl\/index.php?rest_route=%2Fwp%2Fv2%2Fmedia&parent=8884"}],"curies":[{"name":"wp","href":"https:\/\/api.w.org\/{rel}","templated":true}]}}