{"id":807,"date":"2015-03-24T12:11:04","date_gmt":"2015-03-24T11:11:04","guid":{"rendered":"http:\/\/spzagg.pl\/?page_id=807"},"modified":"2025-12-03T19:15:59","modified_gmt":"2025-12-03T18:15:59","slug":"kontakt-3","status":"publish","type":"page","link":"http:\/\/spzagg.pl\/?page_id=807","title":{"rendered":"Kontakt"},"content":{"rendered":"<p style=\"text-align: center;\"><span style=\"font-family: Verdana,Geneva; font-size: 12px;\">Szko\u0142a Podstawowa im. Jana Paw\u0142a II<\/span><\/p>\n<p style=\"text-align: center;\"><span style=\"font-family: Verdana,Geneva; font-size: 12px;\">w Zagorzycach G\u00f3rnych<\/span><\/p>\n<p style=\"text-align: center;\"><span style=\"font-family: Verdana,Geneva; font-size: 12px;\">39-126 Zagorzyce 175<\/span><\/p>\n<p style=\"text-align: center;\"><span style=\"font-family: Verdana,Geneva; font-size: 12px;\">tel. 17 745 25 00<\/span><\/p>\n<p style=\"text-align: center;\"><span style=\"font-family: Verdana,Geneva; font-size: 12px;\">NIP 818-14-39-145<\/span><\/p>\n<p style=\"text-align: center;\"><span style=\"font-family: Verdana,Geneva; font-size: 12px;\">e-mail: <a href=\"mailto:spzag1@poczta.onet.pl\">spzag1@poczta.onet.pl<\/a><\/span><\/p>\n<p style=\"text-align: center;\"><a href=\"http:\/\/www.spzagg.pl\"><span style=\"font-family: Verdana,Geneva; font-size: 12px;\">www.spzagg.pl<\/span><\/a><\/p>\n<p style=\"text-align: center;\"><span style=\"font-family: Verdana, Geneva; font-size: 12px;\">e-dor\u0119czenia: AE:PL-93749-45331-DCICA-23<\/span><\/p>\n<p style=\"text-align: center;\"><span style=\"font-family: Verdana,Geneva; font-size: 12px;\">&nbsp;<\/span><\/p>\n<p style=\"text-align: center;\"><span style=\"font-family: Verdana,Geneva; font-size: 12px;\">Sekretariat szko\u0142y czynny:<\/span><\/p>\n<p style=\"text-align: center;\"><span style=\"font-family: Verdana,Geneva; font-size: 12px;\">&nbsp;&nbsp; poniedzia\u0142ek &#8211; pi\u0105tek&nbsp; 7.30 &#8211; 14.30<\/span><\/p>\n<p style=\"text-align: center;\"><span style=\"font-family: Verdana,Geneva; font-size: 12px;\">&nbsp; &nbsp; &nbsp; &nbsp;&nbsp;<\/span><\/p>\n<p style=\"text-align: center;\"><span style=\"font-family: Verdana,Geneva; font-size: 12px;\">&nbsp;<\/span><\/p>\n<p style=\"text-align: center;\"><span style=\"font-family: Verdana,Geneva; font-size: 12px;\">&nbsp;<\/span><\/p>\n<p style=\"text-align: center;\"><span style=\"font-family: Verdana,Geneva; font-size: 12px;\">&nbsp;<\/span><\/p>\n","protected":false},"excerpt":{"rendered":"<p>Szko\u0142a Podstawowa im. Jana Paw\u0142a II w Zagorzycach G\u00f3rnych 39-126 Zagorzyce 175 tel. 17 745 25 00 NIP 818-14-39-145 e-mail: spzag1@poczta.onet.pl www.spzagg.pl e-dor\u0119czenia: AE:PL-93749-45331-DCICA-23 &nbsp; Sekretariat szko\u0142y czynny: &nbsp;&nbsp; poniedzia\u0142ek &#8211; pi\u0105tek&nbsp; 7.30 &#8211; 14.30 &nbsp; &nbsp; &nbsp; &nbsp;&nbsp; &nbsp; &nbsp; &nbsp;<\/p>\n","protected":false},"author":2,"featured_media":0,"parent":0,"menu_order":0,"comment_status":"closed","ping_status":"open","template":"template-twocolumnsright.php","meta":{"ngg_post_thumbnail":0,"footnotes":""},"class_list":["post-807","page","type-page","status-publish","hentry","nodate","item-wrap"],"_links":{"self":[{"href":"http:\/\/spzagg.pl\/index.php?rest_route=\/wp\/v2\/pages\/807","targetHints":{"allow":["GET"]}}],"collection":[{"href":"http:\/\/spzagg.pl\/index.php?rest_route=\/wp\/v2\/pages"}],"about":[{"href":"http:\/\/spzagg.pl\/index.php?rest_route=\/wp\/v2\/types\/page"}],"author":[{"embeddable":true,"href":"http:\/\/spzagg.pl\/index.php?rest_route=\/wp\/v2\/users\/2"}],"replies":[{"embeddable":true,"href":"http:\/\/spzagg.pl\/index.php?rest_route=%2Fwp%2Fv2%2Fcomments&post=807"}],"version-history":[{"count":7,"href":"http:\/\/spzagg.pl\/index.php?rest_route=\/wp\/v2\/pages\/807\/revisions"}],"predecessor-version":[{"id":10437,"href":"http:\/\/spzagg.pl\/index.php?rest_route=\/wp\/v2\/pages\/807\/revisions\/10437"}],"wp:attachment":[{"href":"http:\/\/spzagg.pl\/index.php?rest_route=%2Fwp%2Fv2%2Fmedia&parent=807"}],"curies":[{"name":"wp","href":"https:\/\/api.w.org\/{rel}","templated":true}]}}