{"id":8,"date":"2015-03-10T19:08:24","date_gmt":"2015-03-10T19:08:24","guid":{"rendered":"http:\/\/spzagg.pl\/spzagg\/?page_id=8"},"modified":"2015-03-22T18:52:41","modified_gmt":"2015-03-22T17:52:41","slug":"hymn-szkoly","status":"publish","type":"page","link":"http:\/\/spzagg.pl\/?page_id=8","title":{"rendered":"Hymn szko\u0142y"},"content":{"rendered":"<h2 style=\"text-align: left;\" align=\"CENTER\"><strong><span style=\"font-family: Verdana,Geneva; font-size: 12px;\">NASZ PATRON<\/span><\/strong><\/h2>\n<p style=\"text-align: left;\" align=\"CENTER\"><span style=\"font-family: Verdana,Geneva; font-size: 12px;\"><strong>1<\/strong>.Tu w naszej wielkiej szkolnej rodzinie<\/span><\/p>\n<p style=\"text-align: left;\" align=\"CENTER\"><span style=\"font-family: Verdana,Geneva; font-size: 12px;\">Jest dla nas wa\u017cne miejsce na ziemi.<\/span><\/p>\n<p style=\"text-align: left;\" align=\"CENTER\"><span style=\"font-family: Verdana,Geneva; font-size: 12px;\">W codziennym trudzie ucz\u0105c si\u0119 pilnie,<\/span><\/p>\n<p style=\"text-align: left;\" align=\"CENTER\"><span style=\"font-family: Verdana,Geneva; font-size: 12px;\">Naszej przysz\u0142o\u015bci kszta\u0142t nadajemy.<\/span><\/p>\n<p>&nbsp;<\/p>\n<p style=\"text-align: left;\" align=\"CENTER\"><span style=\"font-family: Verdana,Geneva; font-size: 12px;\"><strong>Ref.<\/strong> My uczniowie szko\u0142y podstawowej<\/span><\/p>\n<p style=\"text-align: left;\" align=\"CENTER\"><span style=\"font-family: Verdana,Geneva; font-size: 12px;\">\u00a0\u00a0\u00a0\u00a0\u00a0\u00a0 Chcemy co dzie\u0144 wzrasta\u0107 w m\u0105dro\u015bci,<\/span><\/p>\n<p style=\"text-align: left;\" align=\"CENTER\"><span style=\"font-family: Verdana,Geneva; font-size: 12px;\">\u00a0\u00a0\u00a0\u00a0\u00a0\u00a0\u00a0 Jan Pawe\u0142 II naszym patronem,<\/span><\/p>\n<p style=\"text-align: left;\" align=\"CENTER\"><span style=\"font-family: Verdana,Geneva; font-size: 12px;\">\u00a0\u00a0\u00a0\u00a0\u00a0\u00a0\u00a0 wi\u0119c od niego uczmy si\u0119 mi\u0142o\u015bci.<\/span><\/p>\n<p>&nbsp;<\/p>\n<p style=\"text-align: left;\" align=\"CENTER\"><span style=\"font-family: Verdana,Geneva; font-size: 12px;\"><strong>2.<\/strong> Pe\u0142ni nadziei, ufamy Bogu,<\/span><\/p>\n<p style=\"text-align: left;\" align=\"CENTER\"><span style=\"font-family: Verdana,Geneva; font-size: 12px;\">Kochamy swoj\u0105 ziemi\u0119 ojczyst\u0105,<\/span><\/p>\n<p style=\"text-align: left;\" align=\"CENTER\"><span style=\"font-family: Verdana,Geneva; font-size: 12px;\">A ka\u017cdy cz\u0142owiek jest dla nas bratem,<\/span><\/p>\n<p style=\"text-align: left;\" align=\"CENTER\"><span style=\"font-family: Verdana,Geneva; font-size: 12px;\">Chcemy mie\u0107 r\u0119ce i serca czyste.<\/span><\/p>\n<p>&nbsp;<\/p>\n<p style=\"text-align: left;\" align=\"CENTER\"><span style=\"font-family: Verdana,Geneva; font-size: 12px;\"><strong>3.<\/strong> Po\u015br\u00f3d przyjaci\u00f3\u0142 chcemy dorasta\u0107,<\/span><\/p>\n<p style=\"text-align: left;\" align=\"CENTER\"><span style=\"font-family: Verdana,Geneva; font-size: 12px;\">Wierni zasadom mali Polacy,<\/span><\/p>\n<p style=\"text-align: left;\" align=\"CENTER\"><span style=\"font-family: Verdana,Geneva; font-size: 12px;\">By\u015b by\u0142a dumna z nas nasza Polsko,<\/span><\/p>\n<p style=\"text-align: left;\" align=\"CENTER\"><span style=\"font-family: Verdana,Geneva; font-size: 12px;\">Prawda i dobro \u2013 cel naszej pracy.<\/span><\/p>\n<p>&nbsp;<\/p>\n<p style=\"text-align: left;\" align=\"CENTER\"><span style=\"font-family: Verdana,Geneva; font-size: 12px;\"><strong>4.<\/strong> Nasz Wielki Papie\u017c wskaza\u0142 nam drog\u0119,<\/span><\/p>\n<p style=\"text-align: left;\" align=\"CENTER\"><span style=\"font-family: Verdana,Geneva; font-size: 12px;\">Chcemy pod\u0105\u017ca\u0107 Jego \u015bladami,<\/span><\/p>\n<p style=\"text-align: left;\" align=\"CENTER\"><span style=\"font-family: Verdana,Geneva; font-size: 12px;\">Nie\u015b\u0107 innym rado\u015b\u0107, mi\u0142o\u015b\u0107, nadziej\u0119.<\/span><\/p>\n<p style=\"text-align: left;\" align=\"CENTER\"><span style=\"font-family: Verdana,Geneva; font-size: 12px;\">Niech Jego m\u0105dro\u015b\u0107 zostanie z nami.<\/span><\/p>\n<p>&nbsp;<\/p>\n<p style=\"text-align: left;\"><span style=\"font-family: Verdana,Geneva; font-size: 12px;\">Pie\u015b\u0144 ,,<b>Nasz Patron<\/b>\u2019\u2019 oficjalnie jest hymnem naszej szko\u0142y od dnia 2 wrze\u015bnia 2005r.<\/span><\/p>\n<p style=\"text-align: left;\"><code>\u00a0<\/code><\/p>\n","protected":false},"excerpt":{"rendered":"<p>NASZ PATRON 1.Tu w naszej wielkiej szkolnej rodzinie Jest dla nas wa\u017cne miejsce na ziemi. W codziennym trudzie ucz\u0105c si\u0119 pilnie, Naszej przysz\u0142o\u015bci kszta\u0142t nadajemy. &nbsp; Ref. My uczniowie szko\u0142y podstawowej \u00a0\u00a0\u00a0\u00a0\u00a0\u00a0 Chcemy co dzie\u0144 wzrasta\u0107 w m\u0105dro\u015bci, \u00a0\u00a0\u00a0\u00a0\u00a0\u00a0\u00a0 Jan Pawe\u0142 II naszym patronem, \u00a0\u00a0\u00a0\u00a0\u00a0\u00a0\u00a0 wi\u0119c od niego uczmy si\u0119 mi\u0142o\u015bci. &nbsp; 2. Pe\u0142ni nadziei, &hellip; <\/p>\n<p><a class=\"more-link btn\" href=\"http:\/\/spzagg.pl\/?page_id=8\">Czytaj dalej<\/a><\/p>\n","protected":false},"author":1,"featured_media":0,"parent":0,"menu_order":0,"comment_status":"closed","ping_status":"closed","template":"template-twocolumnsright.php","meta":{"ngg_post_thumbnail":0,"footnotes":""},"class_list":["post-8","page","type-page","status-publish","hentry","nodate","item-wrap"],"_links":{"self":[{"href":"http:\/\/spzagg.pl\/index.php?rest_route=\/wp\/v2\/pages\/8","targetHints":{"allow":["GET"]}}],"collection":[{"href":"http:\/\/spzagg.pl\/index.php?rest_route=\/wp\/v2\/pages"}],"about":[{"href":"http:\/\/spzagg.pl\/index.php?rest_route=\/wp\/v2\/types\/page"}],"author":[{"embeddable":true,"href":"http:\/\/spzagg.pl\/index.php?rest_route=\/wp\/v2\/users\/1"}],"replies":[{"embeddable":true,"href":"http:\/\/spzagg.pl\/index.php?rest_route=%2Fwp%2Fv2%2Fcomments&post=8"}],"version-history":[{"count":8,"href":"http:\/\/spzagg.pl\/index.php?rest_route=\/wp\/v2\/pages\/8\/revisions"}],"predecessor-version":[{"id":797,"href":"http:\/\/spzagg.pl\/index.php?rest_route=\/wp\/v2\/pages\/8\/revisions\/797"}],"wp:attachment":[{"href":"http:\/\/spzagg.pl\/index.php?rest_route=%2Fwp%2Fv2%2Fmedia&parent=8"}],"curies":[{"name":"wp","href":"https:\/\/api.w.org\/{rel}","templated":true}]}}