{"id":6,"date":"2015-03-10T19:07:55","date_gmt":"2015-03-10T19:07:55","guid":{"rendered":"http:\/\/spzagg.pl\/spzagg\/?page_id=6"},"modified":"2015-03-17T19:11:29","modified_gmt":"2015-03-17T18:11:29","slug":"historia-szkoly","status":"publish","type":"page","link":"http:\/\/spzagg.pl\/?page_id=6","title":{"rendered":"Historia szko\u0142y"},"content":{"rendered":"<p><a href=\"http:\/\/spzagg.pl\/wp-content\/uploads\/2015\/03\/szkola2a.jpg\"><img loading=\"lazy\" decoding=\"async\" class=\"alignnone  wp-image-75\" src=\"http:\/\/spzagg.pl\/wp-content\/uploads\/2015\/03\/szkola2a-300x208.jpg\" alt=\"szkola2a\" width=\"235\" height=\"163\" srcset=\"http:\/\/spzagg.pl\/wp-content\/uploads\/2015\/03\/szkola2a-300x208.jpg 300w, http:\/\/spzagg.pl\/wp-content\/uploads\/2015\/03\/szkola2a.jpg 680w\" sizes=\"auto, (max-width: 235px) 100vw, 235px\" \/><\/a> <a href=\"http:\/\/spzagg.pl\/wp-content\/uploads\/2015\/03\/szkola1a.jpg\"><img loading=\"lazy\" decoding=\"async\" class=\"alignnone  wp-image-76\" src=\"http:\/\/spzagg.pl\/wp-content\/uploads\/2015\/03\/szkola1a-300x209.jpg\" alt=\"szkola1a\" width=\"232\" height=\"162\" srcset=\"http:\/\/spzagg.pl\/wp-content\/uploads\/2015\/03\/szkola1a-300x209.jpg 300w, http:\/\/spzagg.pl\/wp-content\/uploads\/2015\/03\/szkola1a.jpg 724w\" sizes=\"auto, (max-width: 232px) 100vw, 232px\" \/><\/a><a href=\"http:\/\/spzagg.pl\/wp-content\/uploads\/2015\/03\/tablica.jpg\"><img loading=\"lazy\" decoding=\"async\" class=\"alignnone  wp-image-77\" src=\"http:\/\/spzagg.pl\/wp-content\/uploads\/2015\/03\/tablica-300x230.jpg\" alt=\"tablica\" width=\"213\" height=\"163\" srcset=\"http:\/\/spzagg.pl\/wp-content\/uploads\/2015\/03\/tablica-300x230.jpg 300w, http:\/\/spzagg.pl\/wp-content\/uploads\/2015\/03\/tablica.jpg 679w\" sizes=\"auto, (max-width: 213px) 100vw, 213px\" \/><\/a><\/p>\n<h5><span style=\"font-family: Verdana,Geneva;\">Historia szkolnictwa w Zagorzycach si\u0119ga XIX wieku, kiedy to w 1893 roku do Zagorzyc przyby\u0142y z D\u0119bicy Siostry S\u0142u\u017cebniczki Bogurodzicy Dziewicy Niepokalanie Pocz\u0119tej. Siostry zakonne za\u0142o\u017cy\u0142y Ochronk\u0119, w kt\u00f3rej uczy\u0142y religii oraz czytania i pisania ma\u0142e i starsze dzieci.<\/span><\/h5>\n<h5><span style=\"font-family: Verdana,Geneva;\">W 1896 roku rozpocz\u0119to budow\u0119 szko\u0142y oddan\u0105 do u\u017cytku w 1898 roku. Ten okaza\u0142y na \u00f3wczesne czasy budynek s\u0142u\u017cy\u0142 kolejnym pokoleniom przez 100 lat. Wraz z up\u0142ywem czasu warunki nauki w starym budynku stawa\u0142y si\u0119 coraz gorsze, przybywa\u0142o uczni\u00f3w i wzrasta\u0142y potrzeby edukacyjne spo\u0142ecze\u0144stwa.<\/span><\/h5>\n<h5><span style=\"font-family: Verdana,Geneva;\">W latach osiemdziesi\u0105tych dwudziestego wieku zapad\u0142a decyzja o budowie nowej szko\u0142y.<\/span><br \/>\n<span style=\"font-family: Verdana,Geneva;\"> Po kilkunastu latach w 1998 roku, w setn\u0105 rocznic\u0119 istnienia szko\u0142y, nowoczesny budynek oddano do u\u017cytku.<\/span><\/h5>\n<h5><span style=\"font-family: Verdana,Geneva;\">W dwa lata p\u00f3\u017aniej na wniosek uczni\u00f3w, nauczycieli i rodzic\u00f3w szko\u0142a otrzyma\u0142a imi\u0119 Jana Paw\u0142a II. Uroczysto\u015b\u0107 odby\u0142a si\u0119 4 wrze\u015bnia 2000 roku. Msz\u0119 \u015awi\u0119t\u0105 celebrowa\u0142 Ks. Biskup Edward Bia\u0142og\u0142owski, kt\u00f3ry po\u015bwi\u0119ci\u0142 r\u00f3wnie\u017c tablic\u0119 pami\u0105tkow\u0105 ufundowan\u0105 przez mieszka\u0144c\u00f3w wsi. Szko\u0142a Podstawowa w Zagorzycach G\u00f3rnych jest szko\u0142\u0105 publiczn\u0105 obejmuj\u0105c\u0105 kszta\u0142cenie w klasach I-VI z oddzia\u0142em przedszkolnym.Obecnie uczy si\u0119 w niej 150 dzieci. W szkole pracuje 14 nauczycieli r\u00f3\u017cnych specjalno\u015bci oraz 11 os\u00f3b administracji i obs\u0142ugi. Funkcj\u0119 dyrektora pe\u0142ni mgr El\u017cbieta Koziara. Szko\u0142a posiada pracowni\u0119 komputerow\u0105 z dost\u0119pem do internetu, nowoczesn\u0105 sto\u0142\u00f3wk\u0119, bibliotek\u0119, gabinet higieny szkolnej, uczniowie korzystaj\u0105 z pe\u0142nowymiarowej sali gimnastycznej. Dzia\u0142aj\u0105 ko\u0142a zainteresowa\u0144: matematyczno-informatyczne, teatralne, muzyczne, taneczne, plastyczne, sportowe. Tradycj\u0105 szko\u0142y s\u0105 coroczne uroczyste obchody Dnia Patrona. Szko\u0142a posiada w\u0142asny hymn: &#8222;Nasz Patron&#8221;. Ka\u017cdego roku nasi uczniowie bior\u0105 udzia\u0142 w konkursach organizowanych przez Rodzin\u0119 Szk\u00f3\u0142 nosz\u0105cych imi\u0119 Jana Paw\u0142a II. Praca nauczycieli i wychowawc\u00f3w zmierza w kierunku urzeczywistnienia wizji szko\u0142y: &#8222;Szko\u0142a wychowania dla przysz\u0142o\u015bci, w mi\u0142o\u015bci do Boga, ludzi, Ojczyzny i \u015bwiata&#8221;.<\/span><\/h5>\n<h5 style=\"text-align: right;\"><span style=\"font-family: Verdana,Geneva;\">Opracowanie: El\u017cbieta Koziara<\/span><\/h5>\n<p>&nbsp;<\/p>\n","protected":false},"excerpt":{"rendered":"<p>Historia szkolnictwa w Zagorzycach si\u0119ga XIX wieku, kiedy to w 1893 roku do Zagorzyc przyby\u0142y z D\u0119bicy Siostry S\u0142u\u017cebniczki Bogurodzicy Dziewicy Niepokalanie Pocz\u0119tej. Siostry zakonne za\u0142o\u017cy\u0142y Ochronk\u0119, w kt\u00f3rej uczy\u0142y religii oraz czytania i pisania ma\u0142e i starsze dzieci. W 1896 roku rozpocz\u0119to budow\u0119 szko\u0142y oddan\u0105 do u\u017cytku w 1898 roku. Ten okaza\u0142y na \u00f3wczesne &hellip; <\/p>\n<p><a class=\"more-link btn\" href=\"http:\/\/spzagg.pl\/?page_id=6\">Czytaj dalej<\/a><\/p>\n","protected":false},"author":1,"featured_media":0,"parent":0,"menu_order":0,"comment_status":"closed","ping_status":"closed","template":"template-twocolumnsright.php","meta":{"ngg_post_thumbnail":0,"footnotes":""},"class_list":["post-6","page","type-page","status-publish","hentry","nodate","item-wrap"],"_links":{"self":[{"href":"http:\/\/spzagg.pl\/index.php?rest_route=\/wp\/v2\/pages\/6","targetHints":{"allow":["GET"]}}],"collection":[{"href":"http:\/\/spzagg.pl\/index.php?rest_route=\/wp\/v2\/pages"}],"about":[{"href":"http:\/\/spzagg.pl\/index.php?rest_route=\/wp\/v2\/types\/page"}],"author":[{"embeddable":true,"href":"http:\/\/spzagg.pl\/index.php?rest_route=\/wp\/v2\/users\/1"}],"replies":[{"embeddable":true,"href":"http:\/\/spzagg.pl\/index.php?rest_route=%2Fwp%2Fv2%2Fcomments&post=6"}],"version-history":[{"count":14,"href":"http:\/\/spzagg.pl\/index.php?rest_route=\/wp\/v2\/pages\/6\/revisions"}],"predecessor-version":[{"id":258,"href":"http:\/\/spzagg.pl\/index.php?rest_route=\/wp\/v2\/pages\/6\/revisions\/258"}],"wp:attachment":[{"href":"http:\/\/spzagg.pl\/index.php?rest_route=%2Fwp%2Fv2%2Fmedia&parent=6"}],"curies":[{"name":"wp","href":"https:\/\/api.w.org\/{rel}","templated":true}]}}