{"id":5988,"date":"2018-02-26T19:31:04","date_gmt":"2018-02-26T18:31:04","guid":{"rendered":"http:\/\/spzagg.pl\/?page_id=5988"},"modified":"2021-01-22T19:22:54","modified_gmt":"2021-01-22T18:22:54","slug":"caritas-aktualnosci","status":"publish","type":"page","link":"http:\/\/spzagg.pl\/?page_id=5988","title":{"rendered":"Caritas aktualno\u015bci"},"content":{"rendered":"<p><span style=\"font-family: Verdana, Geneva; font-size: 13px;\"><a href=\"http:\/\/spzagg.pl\/?p=6066#more-6066\">Kiermasz kartek<\/a><\/span><\/p>\n<p><span style=\"font-family: Verdana, Geneva; font-size: 13px;\"><a href=\"http:\/\/spzagg.pl\/?p=6035#more-6035\">Zbi\u00f3rka \u017cywno\u015bci<\/a><\/span><\/p>\n<p><span style=\"font-family: Verdana, Geneva; font-size: 13px;\"><a href=\"http:\/\/spzagg.pl\/?p=6056#more-6056\">Sprzeda\u017c ciastek<\/a><\/span><\/p>\n<p><span style=\"font-family: Verdana, Geneva; font-size: 13px;\"><a href=\"http:\/\/spzagg.pl\/?p=6080#more-6080\">Jase\u0142ka<\/a><\/span><\/p>\n<p><span style=\"font-family: Verdana, Geneva; font-size: 13px;\"><a href=\"http:\/\/spzagg.pl\/?p=6248\">Serce w koszyczku<\/a><\/span><\/p>\n<p><span style=\"font-family: Verdana, Geneva; font-size: 13px;\"><a href=\"http:\/\/spzagg.pl\/?p=6301\">Nowi cz\u0142onkowie SKC<\/a><\/span><\/p>\n<p><span style=\"font-size: 13px;\"><a href=\"http:\/\/spzagg.pl\/wp-content\/uploads\/2020\/10\/Pomoc-powodzianom-z-Trzcinicy-ko\u0142o-Jas\u0142a.pdf\">Pomoc dla powodzian<\/a><\/span><\/p>\n<p><span style=\"font-size: 13px;\"><a href=\"http:\/\/spzagg.pl\/?p=7509\">Akcja dla szko\u0142y w Trzcinicy<\/a><\/span><\/p>\n\n\n<p><\/p>\n","protected":false},"excerpt":{"rendered":"<p>Kiermasz kartek Zbi\u00f3rka \u017cywno\u015bci Sprzeda\u017c ciastek Jase\u0142ka Serce w koszyczku Nowi cz\u0142onkowie SKC Pomoc dla powodzian Akcja dla szko\u0142y w Trzcinicy<\/p>\n","protected":false},"author":2,"featured_media":0,"parent":0,"menu_order":0,"comment_status":"closed","ping_status":"closed","template":"template-twocolumnsright.php","meta":{"ngg_post_thumbnail":0,"footnotes":""},"class_list":["post-5988","page","type-page","status-publish","hentry","nodate","item-wrap"],"_links":{"self":[{"href":"http:\/\/spzagg.pl\/index.php?rest_route=\/wp\/v2\/pages\/5988","targetHints":{"allow":["GET"]}}],"collection":[{"href":"http:\/\/spzagg.pl\/index.php?rest_route=\/wp\/v2\/pages"}],"about":[{"href":"http:\/\/spzagg.pl\/index.php?rest_route=\/wp\/v2\/types\/page"}],"author":[{"embeddable":true,"href":"http:\/\/spzagg.pl\/index.php?rest_route=\/wp\/v2\/users\/2"}],"replies":[{"embeddable":true,"href":"http:\/\/spzagg.pl\/index.php?rest_route=%2Fwp%2Fv2%2Fcomments&post=5988"}],"version-history":[{"count":10,"href":"http:\/\/spzagg.pl\/index.php?rest_route=\/wp\/v2\/pages\/5988\/revisions"}],"predecessor-version":[{"id":7514,"href":"http:\/\/spzagg.pl\/index.php?rest_route=\/wp\/v2\/pages\/5988\/revisions\/7514"}],"wp:attachment":[{"href":"http:\/\/spzagg.pl\/index.php?rest_route=%2Fwp%2Fv2%2Fmedia&parent=5988"}],"curies":[{"name":"wp","href":"https:\/\/api.w.org\/{rel}","templated":true}]}}