{"id":5858,"date":"2018-01-10T19:26:32","date_gmt":"2018-01-10T18:26:32","guid":{"rendered":"http:\/\/spzagg.pl\/?page_id=5858"},"modified":"2024-08-21T13:09:16","modified_gmt":"2024-08-21T12:09:16","slug":"szkolne-kolo-caritas","status":"publish","type":"page","link":"http:\/\/spzagg.pl\/?page_id=5858","title":{"rendered":"Szkolne Ko\u0142o CARITAS"},"content":{"rendered":"<p style=\"text-align: center;\"><em><span style=\"font-family: Verdana, Geneva; font-size: 12px;\">&#8222;Cz\u0142owiek jest wspania\u0142\u0105 istot\u0105 nie z powodu d\u00f3br, kt\u00f3re posiada, ale jego czyn\u00f3w.<\/span><\/em><\/p>\n<p style=\"text-align: center;\"><em><span style=\"font-family: Verdana, Geneva; font-size: 12px;\">Nie wa\u017cne jest to co si\u0119 ma, ale czym si\u0119 dzieli z innymi.&#8221;<\/span><\/em><\/p>\n<p style=\"text-align: center;\"><em><span style=\"font-family: Verdana, Geneva; font-size: 12px;\">Jan Pawe\u0142 II<\/span><\/em><\/p>\n<p>&nbsp;<\/p>\n<p style=\"text-align: center;\"><span style=\"font-size: 14px;\"><strong><span style=\"font-family: Verdana, Geneva;\">Szkolne Ko\u0142o Caritas<\/span><\/strong><\/span><\/p>\n<p style=\"text-align: center;\"><span style=\"font-size: 14px;\"><strong><span style=\"font-family: Verdana, Geneva;\">przy Szkole Podstawowej im.&nbsp;<\/span><span style=\"font-family: Verdana, Geneva;\">Jana Paw\u0142a II<\/span><\/strong><\/span><\/p>\n<p style=\"text-align: center;\"><span style=\"font-size: 14px;\"><strong><span style=\"font-family: Verdana, Geneva;\">w Zagorzycach G\u00f3rnych<\/span><\/strong><\/span><\/p>\n<p>&nbsp;<\/p>\n<p><span style=\"font-family: Verdana, Geneva; font-size: 12px;\"><a href=\"http:\/\/spzagg.pl\/wp-content\/uploads\/2018\/01\/Szkolne-Ko\u0142o-Caritas.pdf\">Szkolne Ko\u0142o Caritas<\/a><\/span><\/p>\n<p><span style=\"font-family: Verdana, Geneva; font-size: 12px;\"><a href=\"http:\/\/spzagg.pl\/wp-content\/uploads\/2018\/01\/Akt-powo\u0142ania-SKC.pdf\">Akt powo\u0142ania SKC<\/a><\/span><\/p>\n<p><span style=\"font-family: Verdana, Geneva; font-size: 12px;\"><a href=\"http:\/\/spzagg.pl\/wp-content\/uploads\/2018\/01\/Regulamin-SKC.pdf\">Regulamin SKC<\/a><\/span><\/p>\n<p><span style=\"font-family: Verdana, Geneva; font-size: 12px;\">Rada Szkolnego Ko\u0142a Caritas<\/span><\/p>\n<p><span style=\"font-family: Verdana, Geneva; font-size: 12px;\"><a href=\"http:\/\/spzagg.pl\/wp-content\/uploads\/2018\/01\/Plan-pracy-SKC.pdf\">Plan pracy <\/a><\/span><\/p>\n<p><a href=\"http:\/\/spzagg.pl\/?page_id=5988\"><span style=\"font-family: Verdana, Geneva; font-size: 12px;\">Aktualno\u015bci<\/span><\/a><\/p>\n","protected":false},"excerpt":{"rendered":"<p>&#8222;Cz\u0142owiek jest wspania\u0142\u0105 istot\u0105 nie z powodu d\u00f3br, kt\u00f3re posiada, ale jego czyn\u00f3w. Nie wa\u017cne jest to co si\u0119 ma, ale czym si\u0119 dzieli z innymi.&#8221; Jan Pawe\u0142 II &nbsp; Szkolne Ko\u0142o Caritas przy Szkole Podstawowej im.&nbsp;Jana Paw\u0142a II w Zagorzycach G\u00f3rnych &nbsp; Szkolne Ko\u0142o Caritas Akt powo\u0142ania SKC Regulamin SKC Rada Szkolnego Ko\u0142a Caritas &hellip; <\/p>\n<p><a class=\"more-link btn\" href=\"http:\/\/spzagg.pl\/?page_id=5858\">Czytaj dalej<\/a><\/p>\n","protected":false},"author":2,"featured_media":0,"parent":0,"menu_order":0,"comment_status":"closed","ping_status":"closed","template":"template-twocolumnsright.php","meta":{"ngg_post_thumbnail":0,"footnotes":""},"class_list":["post-5858","page","type-page","status-publish","hentry","nodate","item-wrap"],"_links":{"self":[{"href":"http:\/\/spzagg.pl\/index.php?rest_route=\/wp\/v2\/pages\/5858","targetHints":{"allow":["GET"]}}],"collection":[{"href":"http:\/\/spzagg.pl\/index.php?rest_route=\/wp\/v2\/pages"}],"about":[{"href":"http:\/\/spzagg.pl\/index.php?rest_route=\/wp\/v2\/types\/page"}],"author":[{"embeddable":true,"href":"http:\/\/spzagg.pl\/index.php?rest_route=\/wp\/v2\/users\/2"}],"replies":[{"embeddable":true,"href":"http:\/\/spzagg.pl\/index.php?rest_route=%2Fwp%2Fv2%2Fcomments&post=5858"}],"version-history":[{"count":13,"href":"http:\/\/spzagg.pl\/index.php?rest_route=\/wp\/v2\/pages\/5858\/revisions"}],"predecessor-version":[{"id":9727,"href":"http:\/\/spzagg.pl\/index.php?rest_route=\/wp\/v2\/pages\/5858\/revisions\/9727"}],"wp:attachment":[{"href":"http:\/\/spzagg.pl\/index.php?rest_route=%2Fwp%2Fv2%2Fmedia&parent=5858"}],"curies":[{"name":"wp","href":"https:\/\/api.w.org\/{rel}","templated":true}]}}