{"id":5410,"date":"2017-10-04T19:46:19","date_gmt":"2017-10-04T18:46:19","guid":{"rendered":"http:\/\/spzagg.pl\/?page_id=5410"},"modified":"2018-01-16T19:30:59","modified_gmt":"2018-01-16T18:30:59","slug":"bezpieczna","status":"publish","type":"page","link":"http:\/\/spzagg.pl\/?page_id=5410","title":{"rendered":"Bezpieczna+"},"content":{"rendered":"ngg_shortcode_0_placeholder\n<p>&nbsp;<\/p>\n<p><span style=\"font-family: Verdana, Geneva; font-size: 12px;\">Szko\u0142a Podstawowa w Zagorzycach G\u00f3rnych, w okresie od 4 wrze\u015bnia 2017 r. do 31 grudnia 2017 r. realizuje projekt w ramach rz\u0105dowego programu &#8222;Bezpieczna +&#8221;.<\/span><\/p>\n<p><span style=\"font-family: Verdana, Geneva; font-size: 12px;\">Napisany przez nasz\u0105 szko\u0142\u0119 projekt zawiera nast\u0119puj\u0105ce dzia\u0142ania:<\/span><\/p>\n<ul>\n<li><span style=\"font-family: Verdana, Geneva; font-size: 12px;\">budowanie pozytywnego wizerunku szko\u0142y w \u015brodowisku lokalnym,<\/span><\/li>\n<li><span style=\"font-family: Verdana, Geneva; font-size: 12px;\">promowanie aktywno\u015bci uczni\u00f3w oraz&nbsp;zdrowego stylu \u017cycia,<\/span><\/li>\n<li><span style=\"font-family: Verdana, Geneva; font-size: 12px;\">przeciwdzia\u0142anie uzale\u017cnieniom,<\/span><\/li>\n<li><span style=\"font-family: Verdana, Geneva; font-size: 12px;\">kszta\u0142towanie prawid\u0142owych zachowa\u0144,<\/span><\/li>\n<li><span style=\"font-family: Verdana, Geneva; font-size: 12px;\">budowanie w\u0142a\u015bciwego systemu warto\u015bci,<\/span><\/li>\n<li><span style=\"font-family: Verdana, Geneva; font-size: 12px;\">poszanowanie godno\u015bci drugiego cz\u0142owieka.<\/span><\/li>\n<\/ul>\n<p>&nbsp;<\/p>\n<p><span style=\"font-size: 12px;\"><strong><span style=\"font-family: Verdana, Geneva;\">Nasze dzia\u0142ania:<\/span><\/strong><\/span><\/p>\n<p><span style=\"font-family: Verdana, Geneva; font-size: 12px;\"><a href=\"http:\/\/spzagg.pl\/?p=5586#more-5586\">warsztaty<\/a><\/span><\/p>\n<p><span style=\"font-size: 12px;\"><a href=\"http:\/\/spzagg.pl\/?p=5444#more-5444\"><span style=\"font-family: Verdana, Geneva;\">wycieczka<\/span><\/a><\/span><\/p>\n<p><span style=\"font-size: 12px;\"><a href=\"http:\/\/spzagg.pl\/?p=5548#more-5548\"><span style=\"font-family: Verdana, Geneva;\">piknik<\/span><\/a><\/span><\/p>\n<p><span style=\"font-family: Verdana, Geneva; font-size: 12px;\"><a href=\"http:\/\/spzagg.pl\/?p=5638\">uroczysto\u015bci<\/a><\/span><\/p>\n<p><span style=\"font-family: Verdana, Geneva; font-size: 12px;\"><a href=\"http:\/\/spzagg.pl\/?p=5662\">rajd<\/a><\/span><\/p>\n<p><a href=\"http:\/\/spzagg.pl\/?p=5877#more-5877\"><span style=\"font-family: Verdana, Geneva; font-size: 12px;\">pierniki<\/span><\/a><\/p>\n<p><a href=\"http:\/\/spzagg.pl\/?p=5901#more-5901\"><span style=\"font-family: Verdana, Geneva; font-size: 12px;\">dietetyk<\/span><\/a><\/p>\n<p><a href=\"http:\/\/spzagg.pl\/?p=5925\"><span style=\"font-family: Verdana, Geneva; font-size: 12px;\">konkursy<\/span><\/a><\/p>\n<p><a href=\"http:\/\/spzagg.pl\/?p=6006\"><span style=\"font-family: Verdana, Geneva; font-size: 12px;\">koncert<\/span><\/a><\/p>\n","protected":false},"excerpt":{"rendered":"<p>&#8221; template=&#8221;\/home\/spzaggplze\/www\/spzagg\/wp-content\/plugins\/nextgen-gallery\/products\/photocrati_nextgen\/modules\/ngglegacy\/view\/gallery.php&#8221; order_by=&#8221;sortorder&#8221; order_direction=&#8221;ASC&#8221; returns=&#8221;included&#8221; maximum_entity_count=&#8221;500&#8243;] &nbsp; Szko\u0142a Podstawowa w Zagorzycach G\u00f3rnych, w okresie od 4 wrze\u015bnia 2017 r. do 31 grudnia 2017 r. realizuje projekt w ramach rz\u0105dowego programu &#8222;Bezpieczna +&#8221;. Napisany przez nasz\u0105 szko\u0142\u0119 projekt zawiera nast\u0119puj\u0105ce dzia\u0142ania: budowanie pozytywnego wizerunku szko\u0142y w \u015brodowisku lokalnym, promowanie aktywno\u015bci uczni\u00f3w oraz&nbsp;zdrowego stylu \u017cycia, przeciwdzia\u0142anie uzale\u017cnieniom, &hellip; <\/p>\n<p><a class=\"more-link btn\" href=\"http:\/\/spzagg.pl\/?page_id=5410\">Czytaj dalej<\/a><\/p>\n","protected":false},"author":2,"featured_media":0,"parent":0,"menu_order":0,"comment_status":"closed","ping_status":"closed","template":"template-twocolumnsright.php","meta":{"ngg_post_thumbnail":0,"footnotes":""},"class_list":["post-5410","page","type-page","status-publish","hentry","nodate","item-wrap"],"_links":{"self":[{"href":"http:\/\/spzagg.pl\/index.php?rest_route=\/wp\/v2\/pages\/5410","targetHints":{"allow":["GET"]}}],"collection":[{"href":"http:\/\/spzagg.pl\/index.php?rest_route=\/wp\/v2\/pages"}],"about":[{"href":"http:\/\/spzagg.pl\/index.php?rest_route=\/wp\/v2\/types\/page"}],"author":[{"embeddable":true,"href":"http:\/\/spzagg.pl\/index.php?rest_route=\/wp\/v2\/users\/2"}],"replies":[{"embeddable":true,"href":"http:\/\/spzagg.pl\/index.php?rest_route=%2Fwp%2Fv2%2Fcomments&post=5410"}],"version-history":[{"count":14,"href":"http:\/\/spzagg.pl\/index.php?rest_route=\/wp\/v2\/pages\/5410\/revisions"}],"predecessor-version":[{"id":6025,"href":"http:\/\/spzagg.pl\/index.php?rest_route=\/wp\/v2\/pages\/5410\/revisions\/6025"}],"wp:attachment":[{"href":"http:\/\/spzagg.pl\/index.php?rest_route=%2Fwp%2Fv2%2Fmedia&parent=5410"}],"curies":[{"name":"wp","href":"https:\/\/api.w.org\/{rel}","templated":true}]}}