{"id":296,"date":"2015-03-17T19:37:18","date_gmt":"2015-03-17T18:37:18","guid":{"rendered":"http:\/\/spzagg.pl\/?page_id=296"},"modified":"2025-12-10T17:22:17","modified_gmt":"2025-12-10T16:22:17","slug":"biblioteka-szkolna","status":"publish","type":"page","link":"http:\/\/spzagg.pl\/?page_id=296","title":{"rendered":"Biblioteka szkolna"},"content":{"rendered":"<p style=\"text-align: center;\"><img loading=\"lazy\" decoding=\"async\" class=\" alignleft wp-image-297\" src=\"http:\/\/spzagg.pl\/wp-content\/uploads\/2015\/03\/image001.jpg\" alt=\"image001\" width=\"98\" height=\"93\"><\/p>\n<p style=\"text-align: center;\"><span style=\"font-family: Verdana,Geneva;\"><i><span style=\"font-size: 12px;\">&#8222;Biblioteka jest instytucj\u0105, kt\u00f3ra samym swoim istnieniem \u015bwiadczy o rozwoju kultury. Jest ona bowiem skarbnic\u0105 pi\u015bmiennictwa, przez kt\u00f3re cz\u0142owiek wyra\u017ca sw\u00f3j zamys\u0142 tw\u00f3rczy, inteligencj\u0119, znajomo\u015b\u0107 \u015bwiata i ludzi, a tak\u017ce umiej\u0119tno\u015b\u0107 panowania nad sob\u0105, osobistego po\u015bwi\u0119cenia, solidarno\u015bci i pracy dla rozwoju dobra wsp\u00f3lnego&#8221;<\/span> <\/i><\/span><\/p>\n<p style=\"text-align: right;\"><span style=\"font-family: Verdana,Geneva; font-size: 12px;\">Jan Pawe\u0142 II<\/span><\/p>\n<p>&nbsp;<\/p>\n<p style=\"text-align: center;\"><span style=\"font-size: 12px;\"><strong><span style=\"font-family: Verdana,Geneva;\"><span style=\"font-size: 16px;\">Godziny pracy Biblioteki Szkolnej<\/span><\/span><\/strong><\/span><\/p>\n<p>&nbsp;<\/p>\n<p style=\"text-align: center;\"><strong>BUDYNEK B<\/strong><\/p>\n<p style=\"text-align: center;\"><strong>(kl. IV \u2013 VIII)<\/strong><\/p>\n<p style=\"text-align: center;\">PONIEDZIA\u0141EK:&nbsp; &nbsp; &nbsp; &nbsp; &nbsp;7<sup>00<\/sup> &#8211; 9<sup>40<\/sup><\/p>\n<p style=\"text-align: center;\">WTOREK:&nbsp;&nbsp;&nbsp;&nbsp;&nbsp;&nbsp;&nbsp;&nbsp; 12<sup>00<\/sup> &#8211; 15<sup>00<\/sup><\/p>\n<p style=\"text-align: center;\">\u015aRODA:&nbsp;&nbsp;&nbsp; 7<sup>00<\/sup> \u2013 9<sup>20 <\/sup><\/p>\n<p style=\"text-align: center;\">&nbsp;<\/p>\n<p>&nbsp;<\/p>\n<p style=\"text-align: center;\"><strong>BUDYNEK&nbsp;&nbsp; A<\/strong><\/p>\n<p style=\"text-align: center;\"><strong>(kl. I \u2013 III)<\/strong><\/p>\n<p style=\"text-align: center;\">WTOREK:&nbsp;&nbsp;&nbsp; 7<sup>00<\/sup> &#8211; 12<sup>00<\/sup><\/p>\n<p>&nbsp;<\/p>\n<p>&nbsp;<\/p>\n<ul>\n<li style=\"text-align: left;\"><span style=\"font-family: Verdana, Geneva; font-size: 15px;\"><a title=\"Czytelnictwo\" href=\"http:\/\/spzagg.pl\/?page_id=320\">Narodowy Program Rozwoju Czytelnictwa<\/a><\/span><\/li>\n<li><a href=\"http:\/\/spzagg.pl\/wp-content\/uploads\/2025\/12\/Nowosci-w-bibliotece.pdf\"><span style=\"font-family: Verdana,Geneva; font-size: 12px;\"><span style=\"font-size: 14px;\"><span style=\"font-size: 15px;\">Nowo\u015bci<\/span><\/span><\/span><\/a><\/li>\n<li><a href=\"http:\/\/spzagg.pl\/wp-content\/uploads\/2025\/09\/wyk_lek_25_26.pdf\"><span style=\"font-family: Verdana, Geneva; font-size: 12px;\"><span style=\"font-size: 14px;\"><span style=\"font-size: 15px;\">Wykaz lektur<\/span><\/span><\/span><\/a><\/li>\n<li><span style=\"font-family: Verdana,Geneva; font-size: 12px;\"><a href=\"http:\/\/spzagg.pl\/wp-content\/uploads\/2019\/09\/SZKOLNY-REGULAMIN-KORZYSTANIA-Z-DARMOWYCH-PODR\u0118CZNIK\u00d3W-I-MATERIA\u0141\u00d3W-EDUKACYJNYCH.docx\"><span style=\"font-size: 14px;\"><span style=\"font-size: 15px;\">Regulamin korzystania z darmowych podr\u0119cznik\u00f3w<\/span><\/span><\/a><\/span><\/li>\n<li><a href=\"http:\/\/spzagg.pl\/wp-content\/uploads\/2021\/05\/REGULAMIN-BIBLIOTEKI.doc\">Regulamin biblioteki<\/a><\/li>\n<li><a href=\"http:\/\/spzagg.pl\/wp-content\/uploads\/2021\/05\/PROCEDURY-OBOWI\u0104ZUJ\u0104CE-W-BIBLIOTECE-SZKo\u0142y-POdstawowej-im.docx\">Procedury na czas trwania pandemii COVID-19<\/a><\/li>\n<\/ul>\n","protected":false},"excerpt":{"rendered":"<p>&#8222;Biblioteka jest instytucj\u0105, kt\u00f3ra samym swoim istnieniem \u015bwiadczy o rozwoju kultury. Jest ona bowiem skarbnic\u0105 pi\u015bmiennictwa, przez kt\u00f3re cz\u0142owiek wyra\u017ca sw\u00f3j zamys\u0142 tw\u00f3rczy, inteligencj\u0119, znajomo\u015b\u0107 \u015bwiata i ludzi, a tak\u017ce umiej\u0119tno\u015b\u0107 panowania nad sob\u0105, osobistego po\u015bwi\u0119cenia, solidarno\u015bci i pracy dla rozwoju dobra wsp\u00f3lnego&#8221; Jan Pawe\u0142 II &nbsp; Godziny pracy Biblioteki Szkolnej &nbsp; BUDYNEK B (kl. &hellip; <\/p>\n<p><a class=\"more-link btn\" href=\"http:\/\/spzagg.pl\/?page_id=296\">Czytaj dalej<\/a><\/p>\n","protected":false},"author":3,"featured_media":0,"parent":0,"menu_order":0,"comment_status":"open","ping_status":"open","template":"template-twocolumnsright.php","meta":{"ngg_post_thumbnail":0,"footnotes":""},"class_list":["post-296","page","type-page","status-publish","hentry","nodate","item-wrap"],"_links":{"self":[{"href":"http:\/\/spzagg.pl\/index.php?rest_route=\/wp\/v2\/pages\/296","targetHints":{"allow":["GET"]}}],"collection":[{"href":"http:\/\/spzagg.pl\/index.php?rest_route=\/wp\/v2\/pages"}],"about":[{"href":"http:\/\/spzagg.pl\/index.php?rest_route=\/wp\/v2\/types\/page"}],"author":[{"embeddable":true,"href":"http:\/\/spzagg.pl\/index.php?rest_route=\/wp\/v2\/users\/3"}],"replies":[{"embeddable":true,"href":"http:\/\/spzagg.pl\/index.php?rest_route=%2Fwp%2Fv2%2Fcomments&post=296"}],"version-history":[{"count":65,"href":"http:\/\/spzagg.pl\/index.php?rest_route=\/wp\/v2\/pages\/296\/revisions"}],"predecessor-version":[{"id":10446,"href":"http:\/\/spzagg.pl\/index.php?rest_route=\/wp\/v2\/pages\/296\/revisions\/10446"}],"wp:attachment":[{"href":"http:\/\/spzagg.pl\/index.php?rest_route=%2Fwp%2Fv2%2Fmedia&parent=296"}],"curies":[{"name":"wp","href":"https:\/\/api.w.org\/{rel}","templated":true}]}}