{"id":227,"date":"2015-03-16T21:49:15","date_gmt":"2015-03-16T20:49:15","guid":{"rendered":"http:\/\/spzagg.pl\/?page_id=227"},"modified":"2024-10-17T20:43:57","modified_gmt":"2024-10-17T19:43:57","slug":"wymagania-edukacyjne","status":"publish","type":"page","link":"http:\/\/spzagg.pl\/?page_id=227","title":{"rendered":"Wymagania edukacyjne"},"content":{"rendered":"<p>Wymagania edukacyjne znajduj\u0105 si\u0119 w dzienniku elektronicznym Librus, w plikach szko\u0142y \/ zak\u0142adka Organizacja szko\u0142y\/.<\/p>\n\n\n<p><\/p>\n","protected":false},"excerpt":{"rendered":"<p>Wymagania edukacyjne znajduj\u0105 si\u0119 w dzienniku elektronicznym Librus, w plikach szko\u0142y \/ zak\u0142adka Organizacja szko\u0142y\/.<\/p>\n","protected":false},"author":2,"featured_media":0,"parent":0,"menu_order":0,"comment_status":"open","ping_status":"open","template":"template-twocolumnsright.php","meta":{"ngg_post_thumbnail":0,"footnotes":""},"class_list":["post-227","page","type-page","status-publish","hentry","nodate","item-wrap"],"_links":{"self":[{"href":"http:\/\/spzagg.pl\/index.php?rest_route=\/wp\/v2\/pages\/227","targetHints":{"allow":["GET"]}}],"collection":[{"href":"http:\/\/spzagg.pl\/index.php?rest_route=\/wp\/v2\/pages"}],"about":[{"href":"http:\/\/spzagg.pl\/index.php?rest_route=\/wp\/v2\/types\/page"}],"author":[{"embeddable":true,"href":"http:\/\/spzagg.pl\/index.php?rest_route=\/wp\/v2\/users\/2"}],"replies":[{"embeddable":true,"href":"http:\/\/spzagg.pl\/index.php?rest_route=%2Fwp%2Fv2%2Fcomments&post=227"}],"version-history":[{"count":84,"href":"http:\/\/spzagg.pl\/index.php?rest_route=\/wp\/v2\/pages\/227\/revisions"}],"predecessor-version":[{"id":9814,"href":"http:\/\/spzagg.pl\/index.php?rest_route=\/wp\/v2\/pages\/227\/revisions\/9814"}],"wp:attachment":[{"href":"http:\/\/spzagg.pl\/index.php?rest_route=%2Fwp%2Fv2%2Fmedia&parent=227"}],"curies":[{"name":"wp","href":"https:\/\/api.w.org\/{rel}","templated":true}]}}